{"id":253,"date":"2011-06-10T11:46:30","date_gmt":"2011-06-10T11:46:30","guid":{"rendered":"http:\/\/vitalcor.copia.loc\/?page_id=253"},"modified":"2011-06-10T11:47:34","modified_gmt":"2011-06-10T11:47:34","slug":"normativa_c","status":"publish","type":"page","link":"https:\/\/www.vitalcor.es\/ca\/serveis\/normativa_c\/","title":{"rendered":"normativa_c"},"content":{"rendered":"<h3>Normativa per l&#8217;&uacute;s DEA<\/h3>\n<p>Real Decret 365\/2009, de 20 de mar\u00e7, pel que s&#8217;stableixen les condicions i requisits m&iacute;nims de seguretat i qualitat a l&#8217;&uacute;s de desfibril\u00b7ladors autom&agrave;tics i semiautom&agrave;ticos externs fora del &agrave;mbit sanitari.<\/p>\n<p><a href='http:\/\/vitalcor.copia.loc\/wp-content\/uploads\/2011\/06\/ftfe-adecco.pps.zip'>Bolet&iacute; Oficial del Estat. Ministeri de Sanitat i Consum.<\/a>\n<\/div>\n<div style=\"float: left; width: 270px;\">\n<ul>\n<li><a href=\"acreditacions\">Acreditacions i certificats<\/a><\/li>\n<li><a href=\"deas_c\">DEAS Desfribril\u00b7lador extern autom\u00e1tic<\/a><\/li>\n<li><a href=\"financiacio\">Finan\u00e7ament; per r\u00e8nting<\/a><\/li>\n<li><a href=\"fundacio\">Fundaci\u00f3n espa\u00f1ola de coraz\u00f3n<\/a><\/li>\n<li><a href=\"normativa_c\">Normativa per l&#8217;\u00fas del  DEA<\/a><\/li>\n<li><a href=\"pla\">Pla integral de formaci\u00f3 <\/a><\/li>\n<\/ul>\n<\/div>\n","protected":false},"excerpt":{"rendered":"<p>Normativa per l&#8217;&uacute;s DEA Real Decret 365\/2009, de 20 de mar\u00e7, pel que s&#8217;stableixen les condicions i requisits m&iacute;nims de seguretat i qualitat a l&#8217;&uacute;s de desfibril\u00b7ladors autom&agrave;tics i semiautom&agrave;ticos externs fora del &agrave;mbit sanitari. Bolet&iacute; Oficial del Estat. Ministeri de Sanitat i Consum. Acreditacions i certificats DEAS Desfribril\u00b7lador extern autom\u00e1tic Finan\u00e7ament; per r\u00e8nting Fundaci\u00f3n [&hellip;]<\/p>\n","protected":false},"author":1,"featured_media":0,"parent":91,"menu_order":0,"comment_status":"open","ping_status":"open","template":"","meta":{"footnotes":""},"class_list":["post-253","page","type-page","status-publish","hentry"],"_links":{"self":[{"href":"https:\/\/www.vitalcor.es\/ca\/wp-json\/wp\/v2\/pages\/253","targetHints":{"allow":["GET"]}}],"collection":[{"href":"https:\/\/www.vitalcor.es\/ca\/wp-json\/wp\/v2\/pages"}],"about":[{"href":"https:\/\/www.vitalcor.es\/ca\/wp-json\/wp\/v2\/types\/page"}],"author":[{"embeddable":true,"href":"https:\/\/www.vitalcor.es\/ca\/wp-json\/wp\/v2\/users\/1"}],"replies":[{"embeddable":true,"href":"https:\/\/www.vitalcor.es\/ca\/wp-json\/wp\/v2\/comments?post=253"}],"version-history":[{"count":3,"href":"https:\/\/www.vitalcor.es\/ca\/wp-json\/wp\/v2\/pages\/253\/revisions"}],"predecessor-version":[{"id":256,"href":"https:\/\/www.vitalcor.es\/ca\/wp-json\/wp\/v2\/pages\/253\/revisions\/256"}],"up":[{"embeddable":true,"href":"https:\/\/www.vitalcor.es\/ca\/wp-json\/wp\/v2\/pages\/91"}],"wp:attachment":[{"href":"https:\/\/www.vitalcor.es\/ca\/wp-json\/wp\/v2\/media?parent=253"}],"curies":[{"name":"wp","href":"https:\/\/api.w.org\/{rel}","templated":true}]}}