{"id":242,"date":"2011-06-10T11:37:05","date_gmt":"2011-06-10T11:37:05","guid":{"rendered":"http:\/\/vitalcor.copia.loc\/?page_id=242"},"modified":"2011-06-10T11:39:37","modified_gmt":"2011-06-10T11:39:37","slug":"fundacio","status":"publish","type":"page","link":"https:\/\/www.vitalcor.es\/ca\/serveis\/fundacio\/","title":{"rendered":"fundacio"},"content":{"rendered":"<h3>Fundaci&oacute;n espa\u00f1ola del coraz&oacute;n<\/h3>\n<p><a href=\"http:\/\/www.fundaciondelcorazon.com\"><img loading=\"lazy\" decoding=\"async\" src=\"http:\/\/vitalcor.copia.loc\/wp-content\/uploads\/2011\/06\/fundacio_cor.jpg\" alt=\"\" title=\"fundacio_cor\" width=\"142\" height=\"92\" class=\"alignleft size-full wp-image-237\" \/><\/a>\n<\/div>\n<div style=\"float:left; width:270px;\">\n<ul>\n<li><a href=\"acreditacions\">Acreditacions i certificats<\/a><\/li>\n<li><a href=\"deas_c\">DEAS Desfribril\u00b7lador extern autom&aacute;tic<\/a><\/li>\n<li><a href=\"financiacio\">Finan\u00e7ament; per r&egrave;nting<\/a><\/li>\n<li><a href=\"fundacio\">Fundaci&oacute;n espa\u00f1ola de coraz&oacute;n<\/a><\/li>\n<li><a href=\"normativa_c\">Normativa per l&#8217;&uacute;s del  DEA<\/a><\/li>\n<li><a href=\"pla\">Pla integral de formaci\u00f3 <\/a><\/li>\n<\/ul>\n<\/div>\n","protected":false},"excerpt":{"rendered":"<p>Fundaci&oacute;n espa\u00f1ola del coraz&oacute;n Acreditacions i certificats DEAS Desfribril\u00b7lador extern autom&aacute;tic Finan\u00e7ament; per r&egrave;nting Fundaci&oacute;n espa\u00f1ola de coraz&oacute;n Normativa per l&#8217;&uacute;s del DEA Pla integral de formaci\u00f3<\/p>\n","protected":false},"author":1,"featured_media":0,"parent":91,"menu_order":0,"comment_status":"open","ping_status":"open","template":"","meta":{"footnotes":""},"class_list":["post-242","page","type-page","status-publish","hentry"],"_links":{"self":[{"href":"https:\/\/www.vitalcor.es\/ca\/wp-json\/wp\/v2\/pages\/242","targetHints":{"allow":["GET"]}}],"collection":[{"href":"https:\/\/www.vitalcor.es\/ca\/wp-json\/wp\/v2\/pages"}],"about":[{"href":"https:\/\/www.vitalcor.es\/ca\/wp-json\/wp\/v2\/types\/page"}],"author":[{"embeddable":true,"href":"https:\/\/www.vitalcor.es\/ca\/wp-json\/wp\/v2\/users\/1"}],"replies":[{"embeddable":true,"href":"https:\/\/www.vitalcor.es\/ca\/wp-json\/wp\/v2\/comments?post=242"}],"version-history":[{"count":4,"href":"https:\/\/www.vitalcor.es\/ca\/wp-json\/wp\/v2\/pages\/242\/revisions"}],"predecessor-version":[{"id":248,"href":"https:\/\/www.vitalcor.es\/ca\/wp-json\/wp\/v2\/pages\/242\/revisions\/248"}],"up":[{"embeddable":true,"href":"https:\/\/www.vitalcor.es\/ca\/wp-json\/wp\/v2\/pages\/91"}],"wp:attachment":[{"href":"https:\/\/www.vitalcor.es\/ca\/wp-json\/wp\/v2\/media?parent=242"}],"curies":[{"name":"wp","href":"https:\/\/api.w.org\/{rel}","templated":true}]}}