{"id":223,"date":"2011-06-10T11:24:45","date_gmt":"2011-06-10T11:24:45","guid":{"rendered":"http:\/\/vitalcor.copia.loc\/?page_id=223"},"modified":"2011-06-10T13:38:05","modified_gmt":"2011-06-10T13:38:05","slug":"financiacio","status":"publish","type":"page","link":"https:\/\/www.vitalcor.es\/ca\/serveis\/financiacio\/","title":{"rendered":""},"content":{"rendered":"<h3>Finan\u00e7ament per r&egrave;nting<\/h3>\n<p><strong>BBVA R&egrave;nting<\/strong> ofereix als seus clients  la possibilitat d\u2019adquirir aquests equips a trav&eacute;s de r&egrave;nting  complint amb la normativa existent,  i es realitzaran, tots  els tr&agrave;mits necessaris per la seva  implantaci&oacute;<\/p>\n<p><a href='http:\/\/vitalcor.copia.loc\/wp-content\/uploads\/2011\/06\/renting-bbva.pps.zip'>Sistema r&egrave;nting BBVA<\/a>\n<\/div>\n<div style=\"float: left; width: 270px;\">\n<ul>\n<li><a href=\"acreditacions\">Acreditacions i certificats<\/a><\/li>\n<li><a href=\"deas_c\">DEAS Desfribril\u00b7lador extern autom\u00e1tic<\/a><\/li>\n<li><a href=\"financiacio\">Finan\u00e7ament; per r\u00e8nting<\/a><\/li>\n<li><a href=\"fundacio\">Fundaci\u00f3n espa\u00f1ola de coraz\u00f3n<\/a><\/li>\n<li><a href=\"normativa_c\">Normativa per l&#8217;\u00fas del  DEA<\/a><\/li>\n<li><a href=\"pla\">Pla integral de formaci\u00f3 <\/a><\/li>\n<\/ul>\n<\/div>\n","protected":false},"excerpt":{"rendered":"<p>Finan\u00e7ament per r&egrave;nting BBVA R&egrave;nting ofereix als seus clients la possibilitat d\u2019adquirir aquests equips a trav&eacute;s de r&egrave;nting complint amb la normativa existent, i es realitzaran, tots els tr&agrave;mits necessaris per la seva implantaci&oacute; Sistema r&egrave;nting BBVA Acreditacions i certificats DEAS Desfribril\u00b7lador extern autom\u00e1tic Finan\u00e7ament; per r\u00e8nting Fundaci\u00f3n espa\u00f1ola de coraz\u00f3n Normativa per l&#8217;\u00fas del [&hellip;]<\/p>\n","protected":false},"author":1,"featured_media":0,"parent":91,"menu_order":0,"comment_status":"open","ping_status":"open","template":"","meta":{"footnotes":""},"class_list":["post-223","page","type-page","status-publish","hentry"],"_links":{"self":[{"href":"https:\/\/www.vitalcor.es\/ca\/wp-json\/wp\/v2\/pages\/223","targetHints":{"allow":["GET"]}}],"collection":[{"href":"https:\/\/www.vitalcor.es\/ca\/wp-json\/wp\/v2\/pages"}],"about":[{"href":"https:\/\/www.vitalcor.es\/ca\/wp-json\/wp\/v2\/types\/page"}],"author":[{"embeddable":true,"href":"https:\/\/www.vitalcor.es\/ca\/wp-json\/wp\/v2\/users\/1"}],"replies":[{"embeddable":true,"href":"https:\/\/www.vitalcor.es\/ca\/wp-json\/wp\/v2\/comments?post=223"}],"version-history":[{"count":7,"href":"https:\/\/www.vitalcor.es\/ca\/wp-json\/wp\/v2\/pages\/223\/revisions"}],"predecessor-version":[{"id":308,"href":"https:\/\/www.vitalcor.es\/ca\/wp-json\/wp\/v2\/pages\/223\/revisions\/308"}],"up":[{"embeddable":true,"href":"https:\/\/www.vitalcor.es\/ca\/wp-json\/wp\/v2\/pages\/91"}],"wp:attachment":[{"href":"https:\/\/www.vitalcor.es\/ca\/wp-json\/wp\/v2\/media?parent=223"}],"curies":[{"name":"wp","href":"https:\/\/api.w.org\/{rel}","templated":true}]}}