{"id":216,"date":"2011-06-10T11:20:03","date_gmt":"2011-06-10T11:20:03","guid":{"rendered":"http:\/\/vitalcor.copia.loc\/?page_id=216"},"modified":"2011-06-10T11:26:35","modified_gmt":"2011-06-10T11:26:35","slug":"deas_c","status":"publish","type":"page","link":"https:\/\/www.vitalcor.es\/ca\/serveis\/deas_c\/","title":{"rendered":"deas_c"},"content":{"rendered":"<h3>DEAS Desfibril\u00b7lador Extern Autom&agrave;tico<\/h3>\n<p><a href='http:\/\/vitalcor.copia.loc\/wp-content\/uploads\/2011\/06\/desfibrilador-hs1.pdf.zip'>Infomaci&oacute; del producte<\/a><\/div>\n<div style=\"float:left; width:270px;\">\n<ul>\n<li><a href=\"acreditacions\">Acreditacions i certificats<\/a><\/li>\n<li><a href=\"deas_c\">DEAS Desfribril\u00b7lador extern autom&aacute;tic<\/a><\/li>\n<li><a href=\"financiacio\">Finan\u00e7ament; per r&egrave;nting<\/a><\/li>\n<li><a href=\"fundacio\">Fundaci&oacute;n espa\u00f1ola de coraz&oacute;n<\/a><\/li>\n<li><a href=\"normativa_c\">Normativa per l&#8217;&uacute;s del  DEA<\/a><\/li>\n<li><a href=\"pla\">Pla integral de formaci\u00f3 <\/a><\/li>\n<\/ul>\n<\/div>\n","protected":false},"excerpt":{"rendered":"<p>DEAS Desfibril\u00b7lador Extern Autom&agrave;tico Infomaci&oacute; del producte Acreditacions i certificats DEAS Desfribril\u00b7lador extern autom&aacute;tic Finan\u00e7ament; per r&egrave;nting Fundaci&oacute;n espa\u00f1ola de coraz&oacute;n Normativa per l&#8217;&uacute;s del DEA Pla integral de formaci\u00f3<\/p>\n","protected":false},"author":1,"featured_media":0,"parent":91,"menu_order":0,"comment_status":"open","ping_status":"open","template":"","meta":{"footnotes":""},"class_list":["post-216","page","type-page","status-publish","hentry"],"_links":{"self":[{"href":"https:\/\/www.vitalcor.es\/ca\/wp-json\/wp\/v2\/pages\/216","targetHints":{"allow":["GET"]}}],"collection":[{"href":"https:\/\/www.vitalcor.es\/ca\/wp-json\/wp\/v2\/pages"}],"about":[{"href":"https:\/\/www.vitalcor.es\/ca\/wp-json\/wp\/v2\/types\/page"}],"author":[{"embeddable":true,"href":"https:\/\/www.vitalcor.es\/ca\/wp-json\/wp\/v2\/users\/1"}],"replies":[{"embeddable":true,"href":"https:\/\/www.vitalcor.es\/ca\/wp-json\/wp\/v2\/comments?post=216"}],"version-history":[{"count":3,"href":"https:\/\/www.vitalcor.es\/ca\/wp-json\/wp\/v2\/pages\/216\/revisions"}],"predecessor-version":[{"id":230,"href":"https:\/\/www.vitalcor.es\/ca\/wp-json\/wp\/v2\/pages\/216\/revisions\/230"}],"up":[{"embeddable":true,"href":"https:\/\/www.vitalcor.es\/ca\/wp-json\/wp\/v2\/pages\/91"}],"wp:attachment":[{"href":"https:\/\/www.vitalcor.es\/ca\/wp-json\/wp\/v2\/media?parent=216"}],"curies":[{"name":"wp","href":"https:\/\/api.w.org\/{rel}","templated":true}]}}